{"id":8614,"date":"2025-01-07T16:19:00","date_gmt":"2025-01-07T16:19:00","guid":{"rendered":"https:\/\/services.infotenerife.eu\/?page_id=8614"},"modified":"2025-01-08T15:46:10","modified_gmt":"2025-01-08T15:46:10","slug":"politica-cookies","status":"publish","type":"page","link":"https:\/\/services.infotenerife.eu\/es\/politica-cookies\/","title":{"rendered":"Pol\u00edtica de Cookies"},"content":{"rendered":"\n<p>Este sitio web utiliza cookies.<br>La LSSI obliga a los responsables de p\u00e1ginas web a informar y pedir el consentimiento del usuario para utilizar las cookies, aunque no todas las cookies necesitan el consentimiento del usuario para ser utilizadas.<br>El objetivo de esta p\u00e1gina web es la de facilitarte informaci\u00f3n acerca del uso de cookies de este sitio, para que as\u00ed puedas dar tu consentimiento al uso de las cookies con informaci\u00f3n al respecto.<\/p>\n\n\n\n<h4 class=\"wp-block-heading\">\u00bfC\u00f3mo te vamos a pedir el consentimiento para el uso de las cookies de nuestro sitio?<\/h4>\n\n\n\n<p>La primera vez que accedes a nuestro sitio web vas a ver un banner o una especie de anuncio con un texto que dice: \u00abEste sitio web utiliza cookies. Si continuas navegando entendemos que aceptas su uso (pulsar bot\u00f3n \u00abde acuerdo\u00bb). M\u00e1s informaci\u00f3n acerca de cookies.\u00bb A partir de ese momento t\u00fa decides si quieres seguir navegando por nuestro sitio o si prefieres salir porque no quieres cookies.<\/p>\n\n\n\n<h4 class=\"wp-block-heading\">\u00bfQu\u00e9 son las cookies?<\/h4>\n\n\n\n<p>Las cookies son archivos peque\u00f1os, que las p\u00e1ginas web que visitas, env\u00edan y almacenan en tu ordenador. Las cookies se almacenan en el directorio de archivos de tu navegador.<\/p>\n\n\n\n<h4 class=\"wp-block-heading\">\u00bfPara qu\u00e9 se utilizan las cookies?<\/h4>\n\n\n\n<p>Las Cookies se utilizan para personalizar y facilitar al m\u00e1ximo la navegaci\u00f3n del Usuario. Las Cookies se asocian \u00fanicamente a un Usuario an\u00f3nimo y a su ordenador y no proporcionan referencias que permitan deducir datos personales del Usuario<\/p>\n\n\n\n<h4 class=\"wp-block-heading\">\u00bfSon peligrosas las cookies?<\/h4>\n\n\n\n<p>No.<\/p>\n\n\n\n<p>Las cookies son peque\u00f1as piezas de texto. No son programas inform\u00e1ticos que puedan ejecutarse como c\u00f3digo. Este es un ejemplo del contenido de una t\u00edpica cookie:<\/p>\n\n\n\n<p>HMP1 1 hotmail.msn.com\/ 0 1715191808<br>32107852 1236821008 29449527 *<br>El c\u00f3digo solo tiene sentido para Microsoft\u2019s MSN Hotmail servers.<br>Las cookies no pueden utilizarse para propagar virus.<br>Las cookies se almacenan en el disco del ordenador y no pueden leer otra informaci\u00f3n grabada en el disco duro.<br>Adem\u00e1s los navegadores web ofrecen a los usuarios herramientas para controlar el uso de las cookies.<\/p>\n\n\n\n<h4 class=\"wp-block-heading\">\u00bfQu\u00e9 tipos de cookies se utilizan normalmente?<\/h4>\n\n\n\n<p>Podemos hacer diferentes clasificaciones de las cookies que se utilizan<\/p>\n\n\n\n<p><strong>1.-Desde el punto de vista del consentimiento del usuario, podemos clasificarlas:<\/strong><br>Cookies estrictamente necesarias, que no necesitan consentimiento del usuario<br>Son cookies utilizadas para alguna de las siguientes finalidades:<br>Permitir \u00fanicamente la comunicaci\u00f3n entre el equipo del usuario y la red.<br>Estrictamente prestar un servicio expresamente solicitado por el usuario.<br>En este sentido el Grupo de Trabajo del Art\u00edculo 29 en su Dictamen 4\/20123 ha interpretado que entre las cookies exceptuadas estar\u00edan aquellas que tienen por finalidad:<\/p>\n\n\n\n<p>Cookies de \u00abentrada del usuario<br>Cookies de autenticaci\u00f3n o identificaci\u00f3n de usuario (\u00fanicamente de sesi\u00f3n)<br>Cookies de seguridad del usuario<br>Cookies de sesi\u00f3n de reproductor multimedia<br>Cookies de sesi\u00f3n para equilibrar la carga<br>Cookies de personalizaci\u00f3n de la interfaz de usuario<br>Cookies de complemento (plug-in) para intercambiar contenidos sociales<br>Cookies que necesitan consentimiento del usuario<br>Son el resto de cookies no incluidas en el apartado anterior<\/p>\n\n\n\n<p><strong>2.- Desde el punto de vista de la finalidad para la que se utilizan:<\/strong><br>Cookies t\u00e9cnicas<br>Cookies de personalizaci\u00f3n<br>Cookies de an\u00e1lisis<br>Cookies publicitarias<br>Cookies de publicidad comportamental<\/p>\n\n\n\n<p><strong>3.-En funci\u00f3n del tiempo que permanecen activas en el equipo del usuario<\/strong><br>Cookies de sesi\u00f3n<br>Cookies persistentes<\/p>\n\n\n\n<p><strong>4.-En funci\u00f3n de la entidad que las gestiona<\/strong><br>Cookies propias: Son aqu\u00e9llas que se env\u00edan al equipo terminal del usuario desde un equipo o dominio gestionado por el propio editor y desde el que se presta el servicio solicitado por el usuario.<br>Cookies de terceros: Son aqu\u00e9llas que se env\u00edan al equipo terminal del usuario desde un equipo o dominio que no es gestionado por el editor, sino por otra entidad que trata los datos obtenidos a trav\u00e9s de las cookies.<br>En el caso de que las cookies sean instaladas desde un equipo o dominio gestionado por el propio editor pero la informaci\u00f3n que se recoja mediante \u00e9stas sea gestionada por un tercero, no pueden ser consideradas como cookies propias.<\/p>\n\n\n\n<h4 class=\"wp-block-heading\">\u00bfQu\u00e9 tipo de cookies utiliza este sitio web?<\/h4>\n\n\n\n<p>Este sitio web utiliza:<br>Cookies T\u00e9cnicas estrictamente necesarias para el funcionamiento adecuado de nuestro sitio web.<br>Por ejemplo las cookies necesarias para el registro de usuarios, para gestionar el carrito de la compra<br>Cookies de WordPress para facilitar la navegaci\u00f3n del usuario por nuestro sitio web<br>Cookies de Paypal para gestionar el pago de los pedidos<br>Cookies sociales necesarias para redes sociales externas<br>Cookies de an\u00e1lisis. Son las cookies relacionadas con Google Analytics.<\/p>\n\n\n\n<p>M\u00e1s informaci\u00f3n sobre las cookies de Google Analytics<br><a href=\"https:\/\/developers.google.com\/analytics\/devguides\/collection\/analyticsjs\/cookie-usage\">https:\/\/developers.google.com\/analytics\/devguides\/collection\/analyticsjs\/cookie-usage<\/a><\/p>\n\n\n\n<h4 class=\"wp-block-heading\">\u00bfC\u00f3mo se pueden gestionar\/bloquear las cookies en los navegadores?<\/h4>\n\n\n\n<p>Todos los navegadores permiten gestionar la privacidad y el uso de las cookies, llegando al extremo de poder bloquear el uso de las cookies.<br>Adjuntamos enlaces con informaci\u00f3n para distintos tipos de navegadores<br>Google Chrome&nbsp;<a href=\"https:\/\/support.google.com\/chrome\/answer\/95647?hl=es\">https:\/\/support.google.com\/chrome\/answer\/95647?hl=es<\/a><br>Firefox<br><a href=\"http:\/\/support.mozilla.org\/es\/kb\/configuracion-de-la-privacidad-el-historial-de-nav?redirectlocale=es&amp;as=u&amp;redirectslug=Ventana+Opciones+-+Panel+Privacidad\">http:\/\/support.mozilla.org\/es\/kb\/configuracion-de-la-privacidad-el-historial-de-nav?redirectlocale=es&amp;as=u&amp;redirectslug=Ventana+Opciones+-+Panel+Privacidad<\/a><br><a href=\"http:\/\/support.mozilla.org\/es\/kb\/cookies-informacion-que-los-sitios-web-guardan-en-?redirectlocale=en-US&amp;redirectslug=Cookies\">http:\/\/support.mozilla.org\/es\/kb\/cookies-informacion-que-los-sitios-web-guardan-en-?redirectlocale=en-US&amp;redirectslug=Cookies<\/a><br>Internet Explorer&nbsp;<a href=\"http:\/\/support.mozilla.org\/es\/kb\/cookies-informacion-que-los-sitios-web-guardan-en-?redirectlocale=en-US&amp;redirectslug=Cookies\">http:\/\/windows.microsoft.com\/es-ES\/windows7\/How-to-manage-cookies-in-Internet-Explorer-9<\/a><br>Safari http:\/\/support.apple.com\/kb\/PH5042<br>Google ha desarrollado un complemento de inhabilitaci\u00f3n de Google Analytics para navegadores al que puede acceder en el siguiente enlace:&nbsp;<a href=\"https:\/\/tools.google.com\/dlpage\/gaoptout\">https:\/\/tools.google.com\/dlpage\/gaoptout<\/a><\/p>\n\n\n\n<h4 class=\"wp-block-heading\">M\u00e1s informaci\u00f3n acerca de las cookies<\/h4>\n\n\n\n<p>Gu\u00eda de AEPD acerca del uso de cookies<br><a href=\"http:\/\/www.agpd.es\/portalwebAGPD\/canaldocumentacion\/publicaciones\/common\/Guias\/Guia_Cookies.pdf%3C\/a%3E\">http:\/\/www.agpd.es\/portalwebAGPD\/canaldocumentacion\/ publicaciones\/common\/Guias\/Guia_Cookies.pdf<\/a><br>Una p\u00e1gina web con bastante informaci\u00f3n acerca de las cookies es:<br><a href=\"http:\/\/www.aboutcookies.org\/default.aspx\">http:\/\/www.aboutcookies.org\/default.aspx<\/a><\/p>\n","protected":false},"excerpt":{"rendered":"<p>Este sitio web utiliza cookies.La LSSI obliga a los responsables de p\u00e1ginas web a informar y pedir el consentimiento del usuario para utilizar las cookies, aunque no todas las cookies necesitan el consentimiento del usuario para ser utilizadas.El objetivo de esta p\u00e1gina web es la de facilitarte informaci\u00f3n acerca del uso de cookies de este [&hellip;]<\/p>\n","protected":false},"author":1,"featured_media":0,"parent":0,"menu_order":0,"comment_status":"closed","ping_status":"closed","template":"","meta":{"footnotes":""},"class_list":["post-8614","page","type-page","status-publish","hentry"],"yoast_head":"<!-- This site is optimized with the Yoast SEO plugin v24.1 - https:\/\/yoast.com\/wordpress\/plugins\/seo\/ -->\n<title>Pol\u00edtica de Cookies - Services Infotenerife<\/title>\n<meta name=\"robots\" content=\"index, follow, max-snippet:-1, max-image-preview:large, max-video-preview:-1\" \/>\n<link rel=\"canonical\" href=\"https:\/\/services.infotenerife.eu\/es\/politica-cookies\/\" \/>\n<meta property=\"og:locale\" content=\"es_ES\" \/>\n<meta property=\"og:type\" content=\"article\" \/>\n<meta property=\"og:title\" content=\"Pol\u00edtica de Cookies - Services Infotenerife\" \/>\n<meta property=\"og:description\" content=\"Este sitio web utiliza cookies.La LSSI obliga a los responsables de p\u00e1ginas web a informar y pedir el consentimiento del usuario para utilizar las cookies, aunque no todas las cookies necesitan el consentimiento del usuario para ser utilizadas.El objetivo de esta p\u00e1gina web es la de facilitarte informaci\u00f3n acerca del uso de cookies de este [&hellip;]\" \/>\n<meta property=\"og:url\" content=\"https:\/\/services.infotenerife.eu\/es\/politica-cookies\/\" \/>\n<meta property=\"og:site_name\" content=\"Services Infotenerife\" \/>\n<meta property=\"article:publisher\" content=\"https:\/\/www.facebook.com\/InvestitiiTenerife\" \/>\n<meta property=\"article:modified_time\" content=\"2025-01-08T15:46:10+00:00\" \/>\n<meta name=\"twitter:card\" content=\"summary_large_image\" \/>\n<meta name=\"twitter:label1\" content=\"Tiempo de lectura\" \/>\n\t<meta name=\"twitter:data1\" content=\"4 minutos\" \/>\n<script type=\"application\/ld+json\" class=\"yoast-schema-graph\">{\"@context\":\"https:\/\/schema.org\",\"@graph\":[{\"@type\":\"WebPage\",\"@id\":\"https:\/\/services.infotenerife.eu\/es\/politica-cookies\/\",\"url\":\"https:\/\/services.infotenerife.eu\/es\/politica-cookies\/\",\"name\":\"Pol\u00edtica de Cookies - Services Infotenerife\",\"isPartOf\":{\"@id\":\"https:\/\/services.infotenerife.eu\/es\/#website\"},\"datePublished\":\"2025-01-07T16:19:00+00:00\",\"dateModified\":\"2025-01-08T15:46:10+00:00\",\"breadcrumb\":{\"@id\":\"https:\/\/services.infotenerife.eu\/es\/politica-cookies\/#breadcrumb\"},\"inLanguage\":\"es\",\"potentialAction\":[{\"@type\":\"ReadAction\",\"target\":[\"https:\/\/services.infotenerife.eu\/es\/politica-cookies\/\"]}]},{\"@type\":\"BreadcrumbList\",\"@id\":\"https:\/\/services.infotenerife.eu\/es\/politica-cookies\/#breadcrumb\",\"itemListElement\":[{\"@type\":\"ListItem\",\"position\":1,\"name\":\"Portada\",\"item\":\"https:\/\/services.infotenerife.eu\/es\/\"},{\"@type\":\"ListItem\",\"position\":2,\"name\":\"Pol\u00edtica de Cookies\"}]},{\"@type\":\"WebSite\",\"@id\":\"https:\/\/services.infotenerife.eu\/es\/#website\",\"url\":\"https:\/\/services.infotenerife.eu\/es\/\",\"name\":\"Services Infotenerife\",\"description\":\"Te brindamos todos los servicios en Tenerife\",\"publisher\":{\"@id\":\"https:\/\/services.infotenerife.eu\/es\/#organization\"},\"potentialAction\":[{\"@type\":\"SearchAction\",\"target\":{\"@type\":\"EntryPoint\",\"urlTemplate\":\"https:\/\/services.infotenerife.eu\/es\/?s={search_term_string}\"},\"query-input\":{\"@type\":\"PropertyValueSpecification\",\"valueRequired\":true,\"valueName\":\"search_term_string\"}}],\"inLanguage\":\"es\"},{\"@type\":\"Organization\",\"@id\":\"https:\/\/services.infotenerife.eu\/es\/#organization\",\"name\":\"Services Infotenerife\",\"url\":\"https:\/\/services.infotenerife.eu\/es\/\",\"logo\":{\"@type\":\"ImageObject\",\"inLanguage\":\"es\",\"@id\":\"https:\/\/services.infotenerife.eu\/es\/#\/schema\/logo\/image\/\",\"url\":\"https:\/\/services.infotenerife.eu\/wp-content\/uploads\/2025\/02\/100x100.png\",\"contentUrl\":\"https:\/\/services.infotenerife.eu\/wp-content\/uploads\/2025\/02\/100x100.png\",\"width\":100,\"height\":100,\"caption\":\"Services Infotenerife\"},\"image\":{\"@id\":\"https:\/\/services.infotenerife.eu\/es\/#\/schema\/logo\/image\/\"},\"sameAs\":[\"https:\/\/www.facebook.com\/InvestitiiTenerife\",\"https:\/\/www.tiktok.com\/@infotenerife.eu\",\"https:\/\/www.instagram.com\/infotenerife.eu\/\"]}]}<\/script>\n<!-- \/ Yoast SEO plugin. -->","yoast_head_json":{"title":"Pol\u00edtica de Cookies - Services Infotenerife","robots":{"index":"index","follow":"follow","max-snippet":"max-snippet:-1","max-image-preview":"max-image-preview:large","max-video-preview":"max-video-preview:-1"},"canonical":"https:\/\/services.infotenerife.eu\/es\/politica-cookies\/","og_locale":"es_ES","og_type":"article","og_title":"Pol\u00edtica de Cookies - Services Infotenerife","og_description":"Este sitio web utiliza cookies.La LSSI obliga a los responsables de p\u00e1ginas web a informar y pedir el consentimiento del usuario para utilizar las cookies, aunque no todas las cookies necesitan el consentimiento del usuario para ser utilizadas.El objetivo de esta p\u00e1gina web es la de facilitarte informaci\u00f3n acerca del uso de cookies de este [&hellip;]","og_url":"https:\/\/services.infotenerife.eu\/es\/politica-cookies\/","og_site_name":"Services Infotenerife","article_publisher":"https:\/\/www.facebook.com\/InvestitiiTenerife","article_modified_time":"2025-01-08T15:46:10+00:00","twitter_card":"summary_large_image","twitter_misc":{"Tiempo de lectura":"4 minutos"},"schema":{"@context":"https:\/\/schema.org","@graph":[{"@type":"WebPage","@id":"https:\/\/services.infotenerife.eu\/es\/politica-cookies\/","url":"https:\/\/services.infotenerife.eu\/es\/politica-cookies\/","name":"Pol\u00edtica de Cookies - Services Infotenerife","isPartOf":{"@id":"https:\/\/services.infotenerife.eu\/es\/#website"},"datePublished":"2025-01-07T16:19:00+00:00","dateModified":"2025-01-08T15:46:10+00:00","breadcrumb":{"@id":"https:\/\/services.infotenerife.eu\/es\/politica-cookies\/#breadcrumb"},"inLanguage":"es","potentialAction":[{"@type":"ReadAction","target":["https:\/\/services.infotenerife.eu\/es\/politica-cookies\/"]}]},{"@type":"BreadcrumbList","@id":"https:\/\/services.infotenerife.eu\/es\/politica-cookies\/#breadcrumb","itemListElement":[{"@type":"ListItem","position":1,"name":"Portada","item":"https:\/\/services.infotenerife.eu\/es\/"},{"@type":"ListItem","position":2,"name":"Pol\u00edtica de Cookies"}]},{"@type":"WebSite","@id":"https:\/\/services.infotenerife.eu\/es\/#website","url":"https:\/\/services.infotenerife.eu\/es\/","name":"Services Infotenerife","description":"Te brindamos todos los servicios en Tenerife","publisher":{"@id":"https:\/\/services.infotenerife.eu\/es\/#organization"},"potentialAction":[{"@type":"SearchAction","target":{"@type":"EntryPoint","urlTemplate":"https:\/\/services.infotenerife.eu\/es\/?s={search_term_string}"},"query-input":{"@type":"PropertyValueSpecification","valueRequired":true,"valueName":"search_term_string"}}],"inLanguage":"es"},{"@type":"Organization","@id":"https:\/\/services.infotenerife.eu\/es\/#organization","name":"Services Infotenerife","url":"https:\/\/services.infotenerife.eu\/es\/","logo":{"@type":"ImageObject","inLanguage":"es","@id":"https:\/\/services.infotenerife.eu\/es\/#\/schema\/logo\/image\/","url":"https:\/\/services.infotenerife.eu\/wp-content\/uploads\/2025\/02\/100x100.png","contentUrl":"https:\/\/services.infotenerife.eu\/wp-content\/uploads\/2025\/02\/100x100.png","width":100,"height":100,"caption":"Services Infotenerife"},"image":{"@id":"https:\/\/services.infotenerife.eu\/es\/#\/schema\/logo\/image\/"},"sameAs":["https:\/\/www.facebook.com\/InvestitiiTenerife","https:\/\/www.tiktok.com\/@infotenerife.eu","https:\/\/www.instagram.com\/infotenerife.eu\/"]}]}},"_links":{"self":[{"href":"https:\/\/services.infotenerife.eu\/es\/wp-json\/wp\/v2\/pages\/8614"}],"collection":[{"href":"https:\/\/services.infotenerife.eu\/es\/wp-json\/wp\/v2\/pages"}],"about":[{"href":"https:\/\/services.infotenerife.eu\/es\/wp-json\/wp\/v2\/types\/page"}],"author":[{"embeddable":true,"href":"https:\/\/services.infotenerife.eu\/es\/wp-json\/wp\/v2\/users\/1"}],"replies":[{"embeddable":true,"href":"https:\/\/services.infotenerife.eu\/es\/wp-json\/wp\/v2\/comments?post=8614"}],"version-history":[{"count":4,"href":"https:\/\/services.infotenerife.eu\/es\/wp-json\/wp\/v2\/pages\/8614\/revisions"}],"predecessor-version":[{"id":8656,"href":"https:\/\/services.infotenerife.eu\/es\/wp-json\/wp\/v2\/pages\/8614\/revisions\/8656"}],"wp:attachment":[{"href":"https:\/\/services.infotenerife.eu\/es\/wp-json\/wp\/v2\/media?parent=8614"}],"curies":[{"name":"wp","href":"https:\/\/api.w.org\/{rel}","templated":true}]}}