{"id":8341,"date":"2024-12-23T23:09:15","date_gmt":"2024-12-23T23:09:15","guid":{"rendered":"https:\/\/services.infotenerife.eu\/?page_id=8341"},"modified":"2025-01-29T21:06:13","modified_gmt":"2025-01-29T21:06:13","slug":"mi-cuenta","status":"publish","type":"page","link":"https:\/\/services.infotenerife.eu\/es\/mi-cuenta\/","title":{"rendered":"Mi Cuenta"},"content":{"rendered":"\n    <div class=\"container\">\n        <div class=\"stm-row\">\n            <div class=\"stm-col-12 stm-col-md-6\">\n                \n<div id=\"stm-listing-login-register\" class=\"login-page-box\">\n\n    <h5>Sign in<\/h5>\n    <div class=\"form-field\">\n        <label for=\"log-login\" class=\"field-title\">Iniciar sesi\u00f3n<\/label>\n        <input id=\"log-login\" type=\"text\" data-v-model=\"login\" class=\"stm-form-control\"  autocomplete=\"off\" placeholder=\"Introduzca inicio de sesi\u00f3n\" \/>\n        <span data-v-if=\"errors['login']\" class=\"form-valid-error\">{{errors['login']}}<\/span>\n    <\/div>\n    <div class=\"form-field\">\n        <div class=\"stm-row\">\n            <div class=\"col-xl-6 col-lg-6 col-md-6 col-sm-6 col-6\"><label for=\"log-password\" class=\"field-title\">Password<\/label><\/div>\n            <div class=\"col-xl-6 col-lg-6 col-md-6 col-sm-6 col-6 forgot-password-in-form\"><a href=\"https:\/\/services.infotenerife.eu\/es\/wp-login.php?action=lostpassword\">Olvidado?<\/a><\/div>\n        <\/div>\n        <input id=\"log-password\" type=\"password\" data-v-model=\"password\" class=\"stm-form-control\" autocomplete=\"off\" placeholder=\"Introduzca password\" \/>\n        <span data-v-if=\"errors['password']\" class=\"form-valid-error\">{{errors['password']}}<\/span>\n    <\/div>\n    <div data-v-if=\"message && status == 'error'\" data-v-bind_class=\"status\" class=\"form-valid-error\">{{message}}<\/div>\n    <div class=\"form-field-white\">\n        <div class=\"homepress-checkbox\">\n            <label>\n                <input type=\"checkbox\" value=\"1\" data-v-bind_true-value=\"1\" data-v-bind_false-value=\"0\" data-v-model=\"remember\"> Recu\u00e9rdame                <span class=\"checkbox-frame\"><i class=\"fa fa-check\"><\/i><\/span>\n            <\/label>\n        <\/div>\n    <\/div>\n    <div class=\"form-field-white\">\n        <button data-v-on_click=\"logIn\" type=\"button\" class=\"homepress-button homepress-button-full\">Iniciar Sesi\u00f3n<\/button>\n    <\/div>\n    <div class=\"form-loading\" data-v-if=\"loading\">\n        <svg width=\"70px\"  height=\"70px\"  xmlns=\"http:\/\/www.w3.org\/2000\/svg\" viewBox=\"0 0 100 100\" preserveAspectRatio=\"xMidYMid\" style=\"background: none;\">\n    <circle cx=\"16\" cy=\"50\" r=\"10\" fill=\"none\">\n        <animate attributeName=\"r\" values=\"10;0;0;0;0\" keyTimes=\"0;0.25;0.5;0.75;1\" keySplines=\"0 0.5 0.5 1;0 0.5 0.5 1;0 0.5 0.5 1;0 0.5 0.5 1\" calcMode=\"spline\" dur=\"3s\" repeatCount=\"indefinite\" begin=\"0s\"><\/animate>\n        <animate attributeName=\"cx\" values=\"84;84;84;84;84\" keyTimes=\"0;0.25;0.5;0.75;1\" keySplines=\"0 0.5 0.5 1;0 0.5 0.5 1;0 0.5 0.5 1;0 0.5 0.5 1\" calcMode=\"spline\" dur=\"3s\" repeatCount=\"indefinite\" begin=\"0s\"><\/animate>\n    <\/circle>\n    <circle cx=\"16\" cy=\"50\" r=\"10\" fill=\"#43C370\">\n        <animate attributeName=\"r\" values=\"0;10;10;10;0\" keyTimes=\"0;0.25;0.5;0.75;1\" keySplines=\"0 0.5 0.5 1;0 0.5 0.5 1;0 0.5 0.5 1;0 0.5 0.5 1\" calcMode=\"spline\" dur=\"3s\" repeatCount=\"indefinite\" begin=\"-1.5s\"><\/animate>\n        <animate attributeName=\"cx\" values=\"16;16;50;84;84\" keyTimes=\"0;0.25;0.5;0.75;1\" keySplines=\"0 0.5 0.5 1;0 0.5 0.5 1;0 0.5 0.5 1;0 0.5 0.5 1\" calcMode=\"spline\" dur=\"3s\" repeatCount=\"indefinite\" begin=\"-1.5s\"><\/animate>\n    <\/circle>\n    <circle cx=\"16\" cy=\"50\" r=\"10\" fill=\"#234DD4\">\n        <animate attributeName=\"r\" values=\"0;10;10;10;0\" keyTimes=\"0;0.25;0.5;0.75;1\" keySplines=\"0 0.5 0.5 1;0 0.5 0.5 1;0 0.5 0.5 1;0 0.5 0.5 1\" calcMode=\"spline\" dur=\"3s\" repeatCount=\"indefinite\" begin=\"-0.75s\"><\/animate>\n        <animate attributeName=\"cx\" values=\"16;16;50;84;84\" keyTimes=\"0;0.25;0.5;0.75;1\" keySplines=\"0 0.5 0.5 1;0 0.5 0.5 1;0 0.5 0.5 1;0 0.5 0.5 1\" calcMode=\"spline\" dur=\"3s\" repeatCount=\"indefinite\" begin=\"-0.75s\"><\/animate>\n    <\/circle>\n    <circle cx=\"16\" cy=\"50\" r=\"10\" fill=\"#303441\">\n        <animate attributeName=\"r\" values=\"0;10;10;10;0\" keyTimes=\"0;0.25;0.5;0.75;1\" keySplines=\"0 0.5 0.5 1;0 0.5 0.5 1;0 0.5 0.5 1;0 0.5 0.5 1\" calcMode=\"spline\" dur=\"3s\" repeatCount=\"indefinite\" begin=\"0s\"><\/animate>\n        <animate attributeName=\"cx\" values=\"16;16;50;84;84\" keyTimes=\"0;0.25;0.5;0.75;1\" keySplines=\"0 0.5 0.5 1;0 0.5 0.5 1;0 0.5 0.5 1;0 0.5 0.5 1\" calcMode=\"spline\" dur=\"3s\" repeatCount=\"indefinite\" begin=\"0s\"><\/animate>\n    <\/circle>\n    <circle cx=\"16\" cy=\"50\" r=\"10\" fill=\"#358EE1\">\n        <animate attributeName=\"r\" values=\"0;0;10;10;10\" keyTimes=\"0;0.25;0.5;0.75;1\" keySplines=\"0 0.5 0.5 1;0 0.5 0.5 1;0 0.5 0.5 1;0 0.5 0.5 1\" calcMode=\"spline\" dur=\"3s\" repeatCount=\"indefinite\" begin=\"0s\"><\/animate>\n        <animate attributeName=\"cx\" values=\"16;16;16;50;84\" keyTimes=\"0;0.25;0.5;0.75;1\" keySplines=\"0 0.5 0.5 1;0 0.5 0.5 1;0 0.5 0.5 1;0 0.5 0.5 1\" calcMode=\"spline\" dur=\"3s\" repeatCount=\"indefinite\" begin=\"0s\"><\/animate>\n    <\/circle>\n<\/svg>    <\/div>\n\n    <div data-v-if=\"message && status == 'success'\" data-v-bind_class=\"status\" class=\"form-valid-ok\">{{message}}<\/div>\n<\/div>\n\n<div class=\"ulisting-social-login-register\">\n    \n<\/div>            <\/div>\n            <div class=\"stm-col-12 stm-col-md-6\">\n                \n<div id=\"stm-listing-register\">\n    <h5>Registro<\/h5>\n\t    <div class=\"form-field-white\">\n        <label for=\"reg-login\" class=\"field-title\">Iniciar sesi\u00f3n<\/label>\n\t\t<input id=\"reg-login\" type=\"text\" data-v-model=\"login\" class=\"stm-form-control\" placeholder=\"Introduzca inicio de sesi\u00f3n\" \/>\n\t\t<span data-v-if=\"errors['login']\" class=\"form-valid-error\">{{errors['login']}}<\/span>\n\t<\/div>\n    <div class=\"form-field-white\">\n        <label for=\"reg-first-name\" class=\"field-title\">Nombre<\/label>\n\t\t<input id=\"reg-first-name\" type=\"text\" data-v-model=\"first_name\" class=\"stm-form-control\" placeholder=\"Introduzca su nombre\" \/>\n\t\t<span data-v-if=\"errors['first_name']\" class=\"form-valid-error\">{{errors['first_name']}}<\/span>\n\t<\/div>\n    <div class=\"form-field-white\">\n        <label for=\"reg-last-name\" class=\"field-title\">Apellido<\/label>\n\t\t<input id=\"reg-last-name\" type=\"text\" data-v-model=\"last_name\" class=\"stm-form-control\" placeholder=\"Introduzca su apellido\" \/>\n\t\t<span data-v-if=\"errors['last_name']\" class=\"form-valid-error\">{{errors['last_name']}}<\/span>\n\t<\/div>\n    <div class=\"form-field-white\">\n        <label for=\"reg-email\" class=\"field-title\">Email<\/label>\n        <input id=\"reg-email\" type=\"email\" data-v-model=\"email\" class=\"stm-form-control\" placeholder=\"Introduzca email\"\/>\n        <span data-v-if=\"errors['email']\" class=\"form-valid-error\">{{errors['email']}}<\/span>\n\t<\/div>\n    <div class=\"form-field-white\">\n        <label for=\"reg-role\" class=\"fld-title\">Rol de usuario<\/label>\n        <ulisting-select2 placeholder=\"Seleccionar rol de usuario\" :options='user_role_list' data-v-model='role' theme='bootstrap4'><\/ulisting-select2>\n\t\t<span data-v-if=\"errors['role']\" class=\"form-valid-error\">{{errors['role']}}<\/span>\n\t<\/div>\n\n    \n    <div class=\"form-field-white\">\n        <label for=\"reg-password\" class=\"field-title\">Password<\/label>\n\t\t<input id=\"reg-password\" type=\"password\" data-v-model=\"password\" class=\"stm-form-control\" placeholder=\"Introduzca password\" \/>\n        <span data-v-if=\"errors['password']\" class=\"form-valid-error\">{{errors['password']}}<\/span>\n\t<\/div>\n    <div class=\"form-field-white\">\n        <label for=\"reg-password_repeat\" class=\"field-title\">Vuelva a introducir la password<\/label>\n\t\t<input id=\"reg-password_repeat\" type=\"password\" data-v-model=\"password_repeat\" class=\"stm-form-control\" placeholder=\"Vuelva a introducir la password\" \/>\n        <span data-v-if=\"errors['password_repeat']\" class=\"form-valid-error\">{{errors['password_repeat']}}<\/span>\n\t<\/div>\n\n    <div class=\"alert alert-success\" data-v-if=\"message\" data-v-bind_class=\"status\" ><span class=\"property-icon-like-up alert-icon\"><\/span> {{message}}<\/div>\n\n    <div class=\"form-field-white account-button-right-position\">\n\t\t<button data-v-on_click=\"register\" type=\"button\" class=\"homepress-button\">Registrar<\/button>\n\t<\/div>\n<!--        -->\n    <div class=\"form-loading\" data-v-if=\"loading\">\n        <svg width=\"70px\"  height=\"70px\"  xmlns=\"http:\/\/www.w3.org\/2000\/svg\" viewBox=\"0 0 100 100\" preserveAspectRatio=\"xMidYMid\" style=\"background: none;\">\n    <circle cx=\"16\" cy=\"50\" r=\"10\" fill=\"none\">\n        <animate attributeName=\"r\" values=\"10;0;0;0;0\" keyTimes=\"0;0.25;0.5;0.75;1\" keySplines=\"0 0.5 0.5 1;0 0.5 0.5 1;0 0.5 0.5 1;0 0.5 0.5 1\" calcMode=\"spline\" dur=\"3s\" repeatCount=\"indefinite\" begin=\"0s\"><\/animate>\n        <animate attributeName=\"cx\" values=\"84;84;84;84;84\" keyTimes=\"0;0.25;0.5;0.75;1\" keySplines=\"0 0.5 0.5 1;0 0.5 0.5 1;0 0.5 0.5 1;0 0.5 0.5 1\" calcMode=\"spline\" dur=\"3s\" repeatCount=\"indefinite\" begin=\"0s\"><\/animate>\n    <\/circle>\n    <circle cx=\"16\" cy=\"50\" r=\"10\" fill=\"#43C370\">\n        <animate attributeName=\"r\" values=\"0;10;10;10;0\" keyTimes=\"0;0.25;0.5;0.75;1\" keySplines=\"0 0.5 0.5 1;0 0.5 0.5 1;0 0.5 0.5 1;0 0.5 0.5 1\" calcMode=\"spline\" dur=\"3s\" repeatCount=\"indefinite\" begin=\"-1.5s\"><\/animate>\n        <animate attributeName=\"cx\" values=\"16;16;50;84;84\" keyTimes=\"0;0.25;0.5;0.75;1\" keySplines=\"0 0.5 0.5 1;0 0.5 0.5 1;0 0.5 0.5 1;0 0.5 0.5 1\" calcMode=\"spline\" dur=\"3s\" repeatCount=\"indefinite\" begin=\"-1.5s\"><\/animate>\n    <\/circle>\n    <circle cx=\"16\" cy=\"50\" r=\"10\" fill=\"#234DD4\">\n        <animate attributeName=\"r\" values=\"0;10;10;10;0\" keyTimes=\"0;0.25;0.5;0.75;1\" keySplines=\"0 0.5 0.5 1;0 0.5 0.5 1;0 0.5 0.5 1;0 0.5 0.5 1\" calcMode=\"spline\" dur=\"3s\" repeatCount=\"indefinite\" begin=\"-0.75s\"><\/animate>\n        <animate attributeName=\"cx\" values=\"16;16;50;84;84\" keyTimes=\"0;0.25;0.5;0.75;1\" keySplines=\"0 0.5 0.5 1;0 0.5 0.5 1;0 0.5 0.5 1;0 0.5 0.5 1\" calcMode=\"spline\" dur=\"3s\" repeatCount=\"indefinite\" begin=\"-0.75s\"><\/animate>\n    <\/circle>\n    <circle cx=\"16\" cy=\"50\" r=\"10\" fill=\"#303441\">\n        <animate attributeName=\"r\" values=\"0;10;10;10;0\" keyTimes=\"0;0.25;0.5;0.75;1\" keySplines=\"0 0.5 0.5 1;0 0.5 0.5 1;0 0.5 0.5 1;0 0.5 0.5 1\" calcMode=\"spline\" dur=\"3s\" repeatCount=\"indefinite\" begin=\"0s\"><\/animate>\n        <animate attributeName=\"cx\" values=\"16;16;50;84;84\" keyTimes=\"0;0.25;0.5;0.75;1\" keySplines=\"0 0.5 0.5 1;0 0.5 0.5 1;0 0.5 0.5 1;0 0.5 0.5 1\" calcMode=\"spline\" dur=\"3s\" repeatCount=\"indefinite\" begin=\"0s\"><\/animate>\n    <\/circle>\n    <circle cx=\"16\" cy=\"50\" r=\"10\" fill=\"#358EE1\">\n        <animate attributeName=\"r\" values=\"0;0;10;10;10\" keyTimes=\"0;0.25;0.5;0.75;1\" keySplines=\"0 0.5 0.5 1;0 0.5 0.5 1;0 0.5 0.5 1;0 0.5 0.5 1\" calcMode=\"spline\" dur=\"3s\" repeatCount=\"indefinite\" begin=\"0s\"><\/animate>\n        <animate attributeName=\"cx\" values=\"16;16;16;50;84\" keyTimes=\"0;0.25;0.5;0.75;1\" keySplines=\"0 0.5 0.5 1;0 0.5 0.5 1;0 0.5 0.5 1;0 0.5 0.5 1\" calcMode=\"spline\" dur=\"3s\" repeatCount=\"indefinite\" begin=\"0s\"><\/animate>\n    <\/circle>\n<\/svg>    <\/div>\n\n<\/div>            <\/div>\n        <\/div>\n    <\/div>\n\n\n\n\n\n\n\n\n\n\n\n\n\n\n","protected":false},"excerpt":{"rendered":"<p>Sign in Iniciar sesi\u00f3n {{errors[&#8216;login&#8217;]}} Password Olvidado? {{errors[&#8216;password&#8217;]}} {{message}} Recu\u00e9rdame Iniciar Sesi\u00f3n {{message}} Registro Iniciar sesi\u00f3n {{errors[&#8216;login&#8217;]}} Nombre {{errors[&#8216;first_name&#8217;]}} Apellido {{errors[&#8216;last_name&#8217;]}} Email {{errors[&#8216;email&#8217;]}} Rol de usuario {{errors[&#8216;role&#8217;]}} Password {{errors[&#8216;password&#8217;]}} Vuelva a introducir la password {{errors[&#8216;password_repeat&#8217;]}} {{message}} Registrar<\/p>\n","protected":false},"author":1,"featured_media":0,"parent":0,"menu_order":0,"comment_status":"closed","ping_status":"closed","template":"","meta":{"footnotes":""},"class_list":["post-8341","page","type-page","status-publish","hentry"],"yoast_head":"<!-- This site is optimized with the Yoast SEO plugin v24.1 - https:\/\/yoast.com\/wordpress\/plugins\/seo\/ -->\n<title>Mi Cuenta - Services Infotenerife<\/title>\n<meta name=\"robots\" content=\"index, follow, max-snippet:-1, max-image-preview:large, max-video-preview:-1\" \/>\n<link rel=\"canonical\" href=\"https:\/\/services.infotenerife.eu\/es\/mi-cuenta\/\" \/>\n<meta property=\"og:locale\" content=\"es_ES\" \/>\n<meta property=\"og:type\" content=\"article\" \/>\n<meta property=\"og:title\" content=\"Mi Cuenta - Services Infotenerife\" \/>\n<meta property=\"og:description\" content=\"Sign in Iniciar sesi\u00f3n {{errors[&#039;login&#039;]}} Password Olvidado? {{errors[&#039;password&#039;]}} {{message}} Recu\u00e9rdame Iniciar Sesi\u00f3n {{message}} Registro Iniciar sesi\u00f3n {{errors[&#039;login&#039;]}} Nombre {{errors[&#039;first_name&#039;]}} Apellido {{errors[&#039;last_name&#039;]}} Email {{errors[&#039;email&#039;]}} Rol de usuario {{errors[&#039;role&#039;]}} Password {{errors[&#039;password&#039;]}} Vuelva a introducir la password {{errors[&#039;password_repeat&#039;]}} {{message}} Registrar\" \/>\n<meta property=\"og:url\" content=\"https:\/\/services.infotenerife.eu\/es\/mi-cuenta\/\" \/>\n<meta property=\"og:site_name\" content=\"Services Infotenerife\" \/>\n<meta property=\"article:publisher\" content=\"https:\/\/www.facebook.com\/InvestitiiTenerife\" \/>\n<meta property=\"article:modified_time\" content=\"2025-01-29T21:06:13+00:00\" \/>\n<meta name=\"twitter:card\" content=\"summary_large_image\" \/>\n<script type=\"application\/ld+json\" class=\"yoast-schema-graph\">{\"@context\":\"https:\/\/schema.org\",\"@graph\":[{\"@type\":\"WebPage\",\"@id\":\"https:\/\/services.infotenerife.eu\/es\/mi-cuenta\/\",\"url\":\"https:\/\/services.infotenerife.eu\/es\/mi-cuenta\/\",\"name\":\"Mi Cuenta - Services Infotenerife\",\"isPartOf\":{\"@id\":\"https:\/\/services.infotenerife.eu\/es\/#website\"},\"datePublished\":\"2024-12-23T23:09:15+00:00\",\"dateModified\":\"2025-01-29T21:06:13+00:00\",\"breadcrumb\":{\"@id\":\"https:\/\/services.infotenerife.eu\/es\/mi-cuenta\/#breadcrumb\"},\"inLanguage\":\"es\",\"potentialAction\":[{\"@type\":\"ReadAction\",\"target\":[\"https:\/\/services.infotenerife.eu\/es\/mi-cuenta\/\"]}]},{\"@type\":\"BreadcrumbList\",\"@id\":\"https:\/\/services.infotenerife.eu\/es\/mi-cuenta\/#breadcrumb\",\"itemListElement\":[{\"@type\":\"ListItem\",\"position\":1,\"name\":\"Portada\",\"item\":\"https:\/\/services.infotenerife.eu\/es\/\"},{\"@type\":\"ListItem\",\"position\":2,\"name\":\"Mi Cuenta\"}]},{\"@type\":\"WebSite\",\"@id\":\"https:\/\/services.infotenerife.eu\/es\/#website\",\"url\":\"https:\/\/services.infotenerife.eu\/es\/\",\"name\":\"Services Infotenerife\",\"description\":\"Te brindamos todos los servicios en Tenerife\",\"publisher\":{\"@id\":\"https:\/\/services.infotenerife.eu\/es\/#organization\"},\"potentialAction\":[{\"@type\":\"SearchAction\",\"target\":{\"@type\":\"EntryPoint\",\"urlTemplate\":\"https:\/\/services.infotenerife.eu\/es\/?s={search_term_string}\"},\"query-input\":{\"@type\":\"PropertyValueSpecification\",\"valueRequired\":true,\"valueName\":\"search_term_string\"}}],\"inLanguage\":\"es\"},{\"@type\":\"Organization\",\"@id\":\"https:\/\/services.infotenerife.eu\/es\/#organization\",\"name\":\"Services Infotenerife\",\"url\":\"https:\/\/services.infotenerife.eu\/es\/\",\"logo\":{\"@type\":\"ImageObject\",\"inLanguage\":\"es\",\"@id\":\"https:\/\/services.infotenerife.eu\/es\/#\/schema\/logo\/image\/\",\"url\":\"https:\/\/services.infotenerife.eu\/wp-content\/uploads\/2025\/02\/100x100.png\",\"contentUrl\":\"https:\/\/services.infotenerife.eu\/wp-content\/uploads\/2025\/02\/100x100.png\",\"width\":100,\"height\":100,\"caption\":\"Services Infotenerife\"},\"image\":{\"@id\":\"https:\/\/services.infotenerife.eu\/es\/#\/schema\/logo\/image\/\"},\"sameAs\":[\"https:\/\/www.facebook.com\/InvestitiiTenerife\",\"https:\/\/www.tiktok.com\/@infotenerife.eu\",\"https:\/\/www.instagram.com\/infotenerife.eu\/\"]}]}<\/script>\n<!-- \/ Yoast SEO plugin. -->","yoast_head_json":{"title":"Mi Cuenta - Services Infotenerife","robots":{"index":"index","follow":"follow","max-snippet":"max-snippet:-1","max-image-preview":"max-image-preview:large","max-video-preview":"max-video-preview:-1"},"canonical":"https:\/\/services.infotenerife.eu\/es\/mi-cuenta\/","og_locale":"es_ES","og_type":"article","og_title":"Mi Cuenta - Services Infotenerife","og_description":"Sign in Iniciar sesi\u00f3n {{errors['login']}} Password Olvidado? {{errors['password']}} {{message}} Recu\u00e9rdame Iniciar Sesi\u00f3n {{message}} Registro Iniciar sesi\u00f3n {{errors['login']}} Nombre {{errors['first_name']}} Apellido {{errors['last_name']}} Email {{errors['email']}} Rol de usuario {{errors['role']}} Password {{errors['password']}} Vuelva a introducir la password {{errors['password_repeat']}} {{message}} Registrar","og_url":"https:\/\/services.infotenerife.eu\/es\/mi-cuenta\/","og_site_name":"Services Infotenerife","article_publisher":"https:\/\/www.facebook.com\/InvestitiiTenerife","article_modified_time":"2025-01-29T21:06:13+00:00","twitter_card":"summary_large_image","schema":{"@context":"https:\/\/schema.org","@graph":[{"@type":"WebPage","@id":"https:\/\/services.infotenerife.eu\/es\/mi-cuenta\/","url":"https:\/\/services.infotenerife.eu\/es\/mi-cuenta\/","name":"Mi Cuenta - Services Infotenerife","isPartOf":{"@id":"https:\/\/services.infotenerife.eu\/es\/#website"},"datePublished":"2024-12-23T23:09:15+00:00","dateModified":"2025-01-29T21:06:13+00:00","breadcrumb":{"@id":"https:\/\/services.infotenerife.eu\/es\/mi-cuenta\/#breadcrumb"},"inLanguage":"es","potentialAction":[{"@type":"ReadAction","target":["https:\/\/services.infotenerife.eu\/es\/mi-cuenta\/"]}]},{"@type":"BreadcrumbList","@id":"https:\/\/services.infotenerife.eu\/es\/mi-cuenta\/#breadcrumb","itemListElement":[{"@type":"ListItem","position":1,"name":"Portada","item":"https:\/\/services.infotenerife.eu\/es\/"},{"@type":"ListItem","position":2,"name":"Mi Cuenta"}]},{"@type":"WebSite","@id":"https:\/\/services.infotenerife.eu\/es\/#website","url":"https:\/\/services.infotenerife.eu\/es\/","name":"Services Infotenerife","description":"Te brindamos todos los servicios en Tenerife","publisher":{"@id":"https:\/\/services.infotenerife.eu\/es\/#organization"},"potentialAction":[{"@type":"SearchAction","target":{"@type":"EntryPoint","urlTemplate":"https:\/\/services.infotenerife.eu\/es\/?s={search_term_string}"},"query-input":{"@type":"PropertyValueSpecification","valueRequired":true,"valueName":"search_term_string"}}],"inLanguage":"es"},{"@type":"Organization","@id":"https:\/\/services.infotenerife.eu\/es\/#organization","name":"Services Infotenerife","url":"https:\/\/services.infotenerife.eu\/es\/","logo":{"@type":"ImageObject","inLanguage":"es","@id":"https:\/\/services.infotenerife.eu\/es\/#\/schema\/logo\/image\/","url":"https:\/\/services.infotenerife.eu\/wp-content\/uploads\/2025\/02\/100x100.png","contentUrl":"https:\/\/services.infotenerife.eu\/wp-content\/uploads\/2025\/02\/100x100.png","width":100,"height":100,"caption":"Services Infotenerife"},"image":{"@id":"https:\/\/services.infotenerife.eu\/es\/#\/schema\/logo\/image\/"},"sameAs":["https:\/\/www.facebook.com\/InvestitiiTenerife","https:\/\/www.tiktok.com\/@infotenerife.eu","https:\/\/www.instagram.com\/infotenerife.eu\/"]}]}},"_links":{"self":[{"href":"https:\/\/services.infotenerife.eu\/es\/wp-json\/wp\/v2\/pages\/8341"}],"collection":[{"href":"https:\/\/services.infotenerife.eu\/es\/wp-json\/wp\/v2\/pages"}],"about":[{"href":"https:\/\/services.infotenerife.eu\/es\/wp-json\/wp\/v2\/types\/page"}],"author":[{"embeddable":true,"href":"https:\/\/services.infotenerife.eu\/es\/wp-json\/wp\/v2\/users\/1"}],"replies":[{"embeddable":true,"href":"https:\/\/services.infotenerife.eu\/es\/wp-json\/wp\/v2\/comments?post=8341"}],"version-history":[{"count":1,"href":"https:\/\/services.infotenerife.eu\/es\/wp-json\/wp\/v2\/pages\/8341\/revisions"}],"predecessor-version":[{"id":8987,"href":"https:\/\/services.infotenerife.eu\/es\/wp-json\/wp\/v2\/pages\/8341\/revisions\/8987"}],"wp:attachment":[{"href":"https:\/\/services.infotenerife.eu\/es\/wp-json\/wp\/v2\/media?parent=8341"}],"curies":[{"name":"wp","href":"https:\/\/api.w.org\/{rel}","templated":true}]}}